{"id":4790,"date":"2025-10-22T15:43:56","date_gmt":"2025-10-22T15:43:56","guid":{"rendered":"https:\/\/www.bg-coaching.ch\/?page_id=4790"},"modified":"2026-04-01T07:07:59","modified_gmt":"2026-04-01T07:07:59","slug":"stages","status":"publish","type":"page","link":"https:\/\/www.bg-coaching.ch\/en\/stages\/","title":{"rendered":"stages"},"content":{"rendered":"\t\t<div data-elementor-type=\"wp-page\" data-elementor-id=\"4790\" class=\"elementor elementor-4790\">\n\t\t\t\t<div class=\"elementor-element elementor-element-5b83b40f e-flex e-con-boxed sc_layouts_column_icons_position_left e-con e-parent\" data-id=\"5b83b40f\" data-element_type=\"container\" data-e-type=\"container\" data-settings=\"{&quot;background_background&quot;:&quot;classic&quot;}\">\n\t\t\t\t\t<div class=\"e-con-inner\">\n\t\t\t\t<div data-animation-type=\"block\" class=\"elementor-element elementor-element-18ed9417 animation_type_block sc_fly_static elementor-invisible elementor-widget elementor-widget-heading\" data-id=\"18ed9417\" data-element_type=\"widget\" data-e-type=\"widget\" data-settings=\"{&quot;_animation&quot;:&quot;ta_fadeinup&quot;}\" data-widget_type=\"heading.default\">\n\t\t\t\t<div class=\"elementor-widget-container\">\n\t\t\t\t\t<h6 class=\"elementor-heading-title elementor-size-default\">El\u00e8ve ton niveau de pilotage<\/h6>\t\t\t\t<\/div>\n\t\t\t\t<\/div>\n\t\t\t\t<div data-animation-type=\"line\" data-animation-stagger=\"100\" class=\"elementor-element elementor-element-6a7c156c elementor-widget__width-initial animation_type_line sc_fly_static elementor-invisible elementor-widget elementor-widget-heading\" data-id=\"6a7c156c\" data-element_type=\"widget\" data-e-type=\"widget\" data-settings=\"{&quot;_animation&quot;:&quot;ta_fadeinup&quot;,&quot;_animation_delay&quot;:100}\" data-widget_type=\"heading.default\">\n\t\t\t\t<div class=\"elementor-widget-container\">\n\t\t\t\t\t<h1 class=\"elementor-heading-title elementor-size-default\">Stages<\/h1>\t\t\t\t<\/div>\n\t\t\t\t<\/div>\n\t\t\t\t\t<\/div>\n\t\t\t\t<\/div>\n\t\t<div class=\"elementor-element elementor-element-b00a241 e-flex e-con-boxed sc_layouts_column_icons_position_left e-con e-parent\" data-id=\"b00a241\" data-element_type=\"container\" data-e-type=\"container\" data-settings=\"{&quot;background_background&quot;:&quot;classic&quot;}\">\n\t\t\t\t\t<div class=\"e-con-inner\">\n\t\t<div class=\"elementor-element elementor-element-0682dd5 e-con-full e-flex sc_layouts_column_icons_position_left e-con e-child\" data-id=\"0682dd5\" data-element_type=\"container\" data-e-type=\"container\" data-settings=\"{&quot;background_background&quot;:&quot;classic&quot;}\">\n\t\t\t\t<div class=\"elementor-element elementor-element-914c68a sc_fly_static elementor-widget elementor-widget-heading\" data-id=\"914c68a\" data-element_type=\"widget\" data-e-type=\"widget\" data-widget_type=\"heading.default\">\n\t\t\t\t<div class=\"elementor-widget-container\">\n\t\t\t\t\t<h3 class=\"elementor-heading-title elementor-size-default\">\ud83c\uddee\ud83c\uddf9 WOMEN\u2019S MTB CAMP \u2013 MOLVENO, ITALIE<\/h3>\t\t\t\t<\/div>\n\t\t\t\t<\/div>\n\t\t\t\t<div class=\"elementor-element elementor-element-8431fcc sc_fly_static elementor-widget elementor-widget-heading\" data-id=\"8431fcc\" data-element_type=\"widget\" data-e-type=\"widget\" data-widget_type=\"heading.default\">\n\t\t\t\t<div class=\"elementor-widget-container\">\n\t\t\t\t\t<h5 class=\"elementor-heading-title elementor-size-default\">Rejoins-nous pour un week-end 100 % f\u00e9minin \u00e0 Molveno, au c\u0153ur des Dolomites italiennes.<\/h5>\t\t\t\t<\/div>\n\t\t\t\t<\/div>\n\t\t\t\t<div class=\"elementor-element elementor-element-cec0a9e sc_fly_static elementor-widget elementor-widget-heading\" data-id=\"cec0a9e\" data-element_type=\"widget\" data-e-type=\"widget\" data-widget_type=\"heading.default\">\n\t\t\t\t<div class=\"elementor-widget-container\">\n\t\t\t\t\t<h6 class=\"elementor-heading-title elementor-size-default\">Date :  4-7 juin 2026<\/h6>\t\t\t\t<\/div>\n\t\t\t\t<\/div>\n\t\t\t\t<div class=\"elementor-element elementor-element-99765ea sc_fly_static elementor-widget elementor-widget-heading\" data-id=\"99765ea\" data-element_type=\"widget\" data-e-type=\"widget\" data-widget_type=\"heading.default\">\n\t\t\t\t<div class=\"elementor-widget-container\">\n\t\t\t\t\t<h6 class=\"elementor-heading-title elementor-size-default\">Nombre de participants maximum : 12<\/h6>\t\t\t\t<\/div>\n\t\t\t\t<\/div>\n\t\t\t\t<\/div>\n\t\t\t\t\t<\/div>\n\t\t\t\t<\/div>\n\t\t<div class=\"elementor-element elementor-element-7ef9799 e-flex e-con-boxed sc_layouts_column_icons_position_left e-con e-parent\" data-id=\"7ef9799\" data-element_type=\"container\" data-e-type=\"container\" data-settings=\"{&quot;background_background&quot;:&quot;classic&quot;}\">\n\t\t\t\t\t<div class=\"e-con-inner\">\n\t\t<div class=\"elementor-element elementor-element-6eaf061e e-con-full e-flex sc_layouts_column_icons_position_left e-con e-child\" data-id=\"6eaf061e\" data-element_type=\"container\" data-e-type=\"container\">\n\t\t\t\t<div class=\"elementor-element elementor-element-7e903f50 elementor-widget-mobile__width-inherit sc_fly_static elementor-widget elementor-widget-text-editor\" data-id=\"7e903f50\" data-element_type=\"widget\" data-e-type=\"widget\" data-widget_type=\"text-editor.default\">\n\t\t\t\t<div class=\"elementor-widget-container\">\n\t\t\t\t\t\t\t\t\t<p class=\"p1\">Que tu sois d\u00e9butante motiv\u00e9e ou rideuse exp\u00e9riment\u00e9e, ce camp est fait pour toi !<\/p><p class=\"p1\">Une exp\u00e9rience unique pour rouler, apprendre et t\u2019amuser dans un environnement inspirant.<\/p><p class=\"p1\"><strong>Pr\u00e9requis<\/strong>\u00a0<strong>:<\/strong> tu arrives \u00e0 descendre une piste bleue dans un bike park et tu as au moins 1 ans d\u2019exp\u00e9rience sur un v\u00e9lo. Tu as un vtt en \u00e9tat de marche.<\/p><p class=\"p1\"><strong>Inclus<\/strong> <strong>:<\/strong> 3 nuits \u00e0 l\u2019h\u00f4tel du lac avec pension compl\u00e8te, abonnement pour le bike park, coaching personnalis\u00e9 pendant 3 jours, r\u00e9glage de ton VTT et \u00a0cadeau de bienvenu<\/p><p class=\"p1\">Un cadre parfait pour progresser en toute confiance, am\u00e9liorer ta technique sur le v\u00e9lo et partager ta passion entre rideuses.<\/p>\t\t\t\t\t\t\t\t<\/div>\n\t\t\t\t<\/div>\n\t\t\t\t<\/div>\n\t\t<div class=\"elementor-element elementor-element-6bbd7e47 e-con-full e-flex sc_layouts_column_icons_position_left e-con e-child\" data-id=\"6bbd7e47\" data-element_type=\"container\" data-e-type=\"container\" data-settings=\"{&quot;background_background&quot;:&quot;classic&quot;}\">\n\t\t\t\t<div class=\"elementor-element elementor-element-7744bc95 sc_fly_static elementor-widget elementor-widget-heading\" data-id=\"7744bc95\" data-element_type=\"widget\" data-e-type=\"widget\" data-widget_type=\"heading.default\">\n\t\t\t\t<div class=\"elementor-widget-container\">\n\t\t\t\t\t<h3 class=\"elementor-heading-title elementor-size-default\">au programme<\/h3>\t\t\t\t<\/div>\n\t\t\t\t<\/div>\n\t\t\t\t<div class=\"elementor-element elementor-element-370d063b sc_fly_static elementor-widget elementor-widget-text-editor\" data-id=\"370d063b\" data-element_type=\"widget\" data-e-type=\"widget\" data-widget_type=\"text-editor.default\">\n\t\t\t\t<div class=\"elementor-widget-container\">\n\t\t\t\t\t\t\t\t\t<p><strong>Coaching technique<\/strong> \u2014 perfectionne ta position, ton regard et ta fluidit\u00e9 sur les pistes<\/p><p><strong>Bike setup &amp; entretien<\/strong> \u2014 apprends \u00e0 mieux conna\u00eetre et entretenir ton v\u00e9lo<\/p><p><strong>Partager des bons moments<\/strong>\u00a0\u2014 Un environnement fun et motivant pour progresser<\/p>\t\t\t\t\t\t\t\t<\/div>\n\t\t\t\t<\/div>\n\t\t\t\t<\/div>\n\t\t\t\t\t<\/div>\n\t\t\t\t<\/div>\n\t\t<div class=\"elementor-element elementor-element-27291f6 e-flex e-con-boxed sc_layouts_column_icons_position_left e-con e-parent\" data-id=\"27291f6\" data-element_type=\"container\" data-e-type=\"container\">\n\t\t\t\t\t<div class=\"e-con-inner\">\n\t\t<div class=\"elementor-element elementor-element-8191ce2 e-con-full e-flex sc_layouts_column_icons_position_left e-con e-child\" data-id=\"8191ce2\" data-element_type=\"container\" data-e-type=\"container\" data-settings=\"{&quot;background_background&quot;:&quot;classic&quot;}\">\n\t\t\t\t<div class=\"elementor-element elementor-element-feaadd3 elementor-align-left sc_fly_static elementor-widget elementor-widget-button\" data-id=\"feaadd3\" data-element_type=\"widget\" data-e-type=\"widget\" data-widget_type=\"button.default\">\n\t\t\t\t<div class=\"elementor-widget-container\">\n\t\t\t\t\t\t\t\t\t<div class=\"elementor-button-wrapper\">\n\t\t\t\t\t<a class=\"elementor-button elementor-button-link elementor-size-sm\" href=\"mailto:info@bg-coaching.ch\" target=\"_blank\">\n\t\t\t\t\t\t<span class=\"elementor-button-content-wrapper\">\n\t\t\t\t\t\t\t\t\t<span class=\"elementor-button-text\">Inscris-toi<\/span>\n\t\t\t\t\t<\/span>\n\t\t\t\t\t<\/a>\n\t\t\t\t<\/div>\n\t\t\t\t\t\t\t\t<\/div>\n\t\t\t\t<\/div>\n\t\t\t\t<\/div>\n\t\t\t\t<div class=\"elementor-element elementor-element-44444dd elementor-widget-divider--view-line sc_fly_static elementor-widget elementor-widget-divider\" data-id=\"44444dd\" data-element_type=\"widget\" data-e-type=\"widget\" data-widget_type=\"divider.default\">\n\t\t\t\t<div class=\"elementor-widget-container\">\n\t\t\t\t\t\t\t<div class=\"elementor-divider\">\n\t\t\t<span class=\"elementor-divider-separator\">\n\t\t\t\t\t\t<\/span>\n\t\t<\/div>\n\t\t\t\t\t\t<\/div>\n\t\t\t\t<\/div>\n\t\t\t\t\t<\/div>\n\t\t\t\t<\/div>\n\t\t<div class=\"elementor-element elementor-element-ae6a9b3 e-flex e-con-boxed sc_layouts_column_icons_position_left e-con e-parent\" data-id=\"ae6a9b3\" data-element_type=\"container\" data-e-type=\"container\" data-settings=\"{&quot;background_background&quot;:&quot;classic&quot;}\">\n\t\t\t\t\t<div class=\"e-con-inner\">\n\t\t<div class=\"elementor-element elementor-element-c352022 e-con-full e-flex sc_layouts_column_icons_position_left e-con e-child\" data-id=\"c352022\" data-element_type=\"container\" data-e-type=\"container\" data-settings=\"{&quot;background_background&quot;:&quot;classic&quot;}\">\n\t\t\t\t<div class=\"elementor-element elementor-element-760d8e8 sc_fly_static elementor-widget elementor-widget-heading\" data-id=\"760d8e8\" data-element_type=\"widget\" data-e-type=\"widget\" data-widget_type=\"heading.default\">\n\t\t\t\t<div class=\"elementor-widget-container\">\n\t\t\t\t\t<h3 class=\"elementor-heading-title elementor-size-default\">\ud83c\udde8\ud83c\udded MTB CAMP \u2013 R\u00e9gion DENTS DU MIDI<\/h3>\t\t\t\t<\/div>\n\t\t\t\t<\/div>\n\t\t\t\t<div class=\"elementor-element elementor-element-f9eb806 sc_fly_static elementor-widget elementor-widget-heading\" data-id=\"f9eb806\" data-element_type=\"widget\" data-e-type=\"widget\" data-widget_type=\"heading.default\">\n\t\t\t\t<div class=\"elementor-widget-container\">\n\t\t\t\t\t<h5 class=\"elementor-heading-title elementor-size-default\">Plonge au c\u0153ur du domaine mythique des Portes du Soleil, entre pistes mythiques et paysages spectaculaires.<\/h5>\t\t\t\t<\/div>\n\t\t\t\t<\/div>\n\t\t\t\t<div class=\"elementor-element elementor-element-e5556df sc_fly_static elementor-widget elementor-widget-heading\" data-id=\"e5556df\" data-element_type=\"widget\" data-e-type=\"widget\" data-widget_type=\"heading.default\">\n\t\t\t\t<div class=\"elementor-widget-container\">\n\t\t\t\t\t<h6 class=\"elementor-heading-title elementor-size-default\">Date : 3-5 juillet 2026<\/h6>\t\t\t\t<\/div>\n\t\t\t\t<\/div>\n\t\t\t\t<div class=\"elementor-element elementor-element-819147b sc_fly_static elementor-widget elementor-widget-heading\" data-id=\"819147b\" data-element_type=\"widget\" data-e-type=\"widget\" data-widget_type=\"heading.default\">\n\t\t\t\t<div class=\"elementor-widget-container\">\n\t\t\t\t\t<h6 class=\"elementor-heading-title elementor-size-default\">Nombre de participants maximum : 12<\/h6>\t\t\t\t<\/div>\n\t\t\t\t<\/div>\n\t\t\t\t<\/div>\n\t\t\t\t\t<\/div>\n\t\t\t\t<\/div>\n\t\t<div class=\"elementor-element elementor-element-e597ca2 e-flex e-con-boxed sc_layouts_column_icons_position_left e-con e-parent\" data-id=\"e597ca2\" data-element_type=\"container\" data-e-type=\"container\" data-settings=\"{&quot;background_background&quot;:&quot;classic&quot;}\">\n\t\t\t\t\t<div class=\"e-con-inner\">\n\t\t<div class=\"elementor-element elementor-element-b0feff0 e-con-full e-flex sc_layouts_column_icons_position_left e-con e-child\" data-id=\"b0feff0\" data-element_type=\"container\" data-e-type=\"container\">\n\t\t\t\t<div class=\"elementor-element elementor-element-6e930e7 elementor-widget-mobile__width-inherit sc_fly_static elementor-widget elementor-widget-text-editor\" data-id=\"6e930e7\" data-element_type=\"widget\" data-e-type=\"widget\" data-widget_type=\"text-editor.default\">\n\t\t\t\t<div class=\"elementor-widget-container\">\n\t\t\t\t\t\t\t\t\t<p class=\"p1\">Un camp con\u00e7u pour les adultes passionn\u00e9s de VTT qui veulent progresser techniquement, gagner en confiance et repousser leurs limites dans un environnement inspirant.<\/p><p class=\"p1\">Que tu rides pour le plaisir ou pour la performance, ce camp est l\u2019occasion id\u00e9ale de progresser tout en profitant d\u2019un spot mondialement reconnu du VTT.<\/p><p class=\"p1\"><strong>Pr\u00e9requis\u00a0:<\/strong> tu arrives \u00e0 descendre une piste bleue dans un bike park et tu as au moins 1 ans d\u2019exp\u00e9rience sur un v\u00e9lo. Tu as un vtt en \u00e9tat de marche.<\/p><p class=\"p1\"><strong>Inclus\u00a0:<\/strong> 2 nuits \u00e0 l\u2019h\u00f4tel avec petit d\u00e9jeuner, abonnement pour le bike park, coaching personnalis\u00e9 pendant 2 jours, r\u00e9glage de ton VTT, cadeau de bienvenu.<\/p>\t\t\t\t\t\t\t\t<\/div>\n\t\t\t\t<\/div>\n\t\t\t\t<\/div>\n\t\t<div class=\"elementor-element elementor-element-331ee3d e-con-full e-flex sc_layouts_column_icons_position_left e-con e-child\" data-id=\"331ee3d\" data-element_type=\"container\" data-e-type=\"container\" data-settings=\"{&quot;background_background&quot;:&quot;classic&quot;}\">\n\t\t\t\t<div class=\"elementor-element elementor-element-15262a9 sc_fly_static elementor-widget elementor-widget-heading\" data-id=\"15262a9\" data-element_type=\"widget\" data-e-type=\"widget\" data-widget_type=\"heading.default\">\n\t\t\t\t<div class=\"elementor-widget-container\">\n\t\t\t\t\t<h3 class=\"elementor-heading-title elementor-size-default\">au programme<\/h3>\t\t\t\t<\/div>\n\t\t\t\t<\/div>\n\t\t\t\t<div class=\"elementor-element elementor-element-cc11dfd sc_fly_static elementor-widget elementor-widget-text-editor\" data-id=\"cc11dfd\" data-element_type=\"widget\" data-e-type=\"widget\" data-widget_type=\"text-editor.default\">\n\t\t\t\t<div class=\"elementor-widget-container\">\n\t\t\t\t\t\t\t\t\t<p><strong>Coaching technique<\/strong> \u2014 perfectionne ta ma\u00eetrise du v\u00e9lo, des virages et des sauts<\/p><p><strong>Bike setup &amp; maintenance<\/strong> \u2014 optimise ton mat\u00e9riel pour plus de contr\u00f4le et de performance<\/p><p class=\"p1\"><strong>Ambiance fun et motivant<\/strong>e \u2014 progression, partage et bons moments garantis<\/p>\t\t\t\t\t\t\t\t<\/div>\n\t\t\t\t<\/div>\n\t\t\t\t<\/div>\n\t\t\t\t\t<\/div>\n\t\t\t\t<\/div>\n\t\t<div class=\"elementor-element elementor-element-77632c5 e-flex e-con-boxed sc_layouts_column_icons_position_left e-con e-parent\" data-id=\"77632c5\" data-element_type=\"container\" data-e-type=\"container\">\n\t\t\t\t\t<div class=\"e-con-inner\">\n\t\t<div class=\"elementor-element elementor-element-73a5c12 e-con-full e-flex sc_layouts_column_icons_position_left e-con e-child\" data-id=\"73a5c12\" data-element_type=\"container\" data-e-type=\"container\" data-settings=\"{&quot;background_background&quot;:&quot;classic&quot;}\">\n\t\t\t\t<div class=\"elementor-element elementor-element-2ec3603 elementor-align-center sc_fly_static elementor-widget elementor-widget-button\" data-id=\"2ec3603\" data-element_type=\"widget\" data-e-type=\"widget\" data-widget_type=\"button.default\">\n\t\t\t\t<div class=\"elementor-widget-container\">\n\t\t\t\t\t\t\t\t\t<div class=\"elementor-button-wrapper\">\n\t\t\t\t\t<a class=\"elementor-button elementor-button-link elementor-size-sm\" href=\"mailto:info@bg-coaching.ch\" target=\"_blank\">\n\t\t\t\t\t\t<span class=\"elementor-button-content-wrapper\">\n\t\t\t\t\t\t\t\t\t<span class=\"elementor-button-text\">Inscris-toi<\/span>\n\t\t\t\t\t<\/span>\n\t\t\t\t\t<\/a>\n\t\t\t\t<\/div>\n\t\t\t\t\t\t\t\t<\/div>\n\t\t\t\t<\/div>\n\t\t\t\t<\/div>\n\t\t\t\t<div class=\"elementor-element elementor-element-d86449a elementor-widget-divider--view-line sc_fly_static elementor-widget elementor-widget-divider\" data-id=\"d86449a\" data-element_type=\"widget\" data-e-type=\"widget\" data-widget_type=\"divider.default\">\n\t\t\t\t<div class=\"elementor-widget-container\">\n\t\t\t\t\t\t\t<div class=\"elementor-divider\">\n\t\t\t<span class=\"elementor-divider-separator\">\n\t\t\t\t\t\t<\/span>\n\t\t<\/div>\n\t\t\t\t\t\t<\/div>\n\t\t\t\t<\/div>\n\t\t\t\t\t<\/div>\n\t\t\t\t<\/div>\n\t\t<div class=\"e-con-gap-no trx_addons_has_bg_text elementor-element elementor-element-49793d1 e-con-full e-flex sc_layouts_column_icons_position_left e-con e-parent\" data-bg-text=\"{&quot;bg_text&quot;:&quot;progress[divider]jump[divider]corner[divider]smart[divider]fun[divider]plan[divider]ride[divider]connect[divider]flow[divider]build&quot;,&quot;bg_text_effect&quot;:&quot;none&quot;,&quot;bg_text_overlay&quot;:{&quot;url&quot;:&quot;&quot;},&quot;bg_text_left&quot;:{&quot;size&quot;:&quot;&quot;,&quot;unit&quot;:&quot;%&quot;},&quot;bg_text_top&quot;:{&quot;unit&quot;:&quot;px&quot;,&quot;size&quot;:53,&quot;sizes&quot;:[]},&quot;bg_text_z_index&quot;:{&quot;size&quot;:&quot;0&quot;,&quot;unit&quot;:&quot;px&quot;},&quot;bg_text_marquee&quot;:{&quot;unit&quot;:&quot;px&quot;,&quot;size&quot;:7,&quot;sizes&quot;:[]},&quot;bg_text_marquee_hover&quot;:&quot;&quot;,&quot;bg_text_marquee_margin&quot;:{&quot;unit&quot;:&quot;px&quot;,&quot;size&quot;:0,&quot;sizes&quot;:[]},&quot;bg_text_reverse&quot;:0,&quot;bg_text_accelerate&quot;:0,&quot;bg_text_delimiter_icon&quot;:&quot;&quot;,&quot;bg_text_delimiter_image&quot;:&quot;https:\\\/\\\/www.bg-coaching.ch\\\/wp-content\\\/uploads\\\/2025\\\/03\\\/asterisk-icon.svg&quot;,&quot;bg_text_delimiter_svg&quot;:&quot;&lt;svg viewBox=\\&quot;0 0 19 21\\&quot;&gt;&lt;path d=\\&quot;M7.93164 20.1157L8.25293 13.0703L2.33203 16.9028L0.496094 13.7358L6.78418 10.5229L0.496094 7.31006L2.33203 4.09717L8.25293 7.92969L7.93164 0.884277H11.5576L11.2363 7.92969L17.1572 4.09717L18.9932 7.31006L12.7051 10.5229L18.9932 13.7358L17.1572 16.9028L11.2363 13.0703L11.5576 20.1157H7.93164Z\\&quot;&gt;&lt;\\\/path&gt;&lt;\\\/svg&gt;&quot;,&quot;bg_text_delimiter_rotation&quot;:1}\" data-id=\"49793d1\" data-element_type=\"container\" data-e-type=\"container\" data-settings=\"{&quot;background_background&quot;:&quot;classic&quot;}\">\n\t\t\t\t<\/div>\n\t\t<div class=\"e-con-gap-no elementor-element elementor-element-857f67c e-flex e-con-boxed sc_layouts_column_icons_position_left e-con e-parent\" data-id=\"857f67c\" data-element_type=\"container\" data-e-type=\"container\">\n\t\t\t\t\t<div class=\"e-con-inner\">\n\t\t\t\t\t<\/div>\n\t\t\t\t<\/div>\n\t\t\t\t<\/div>\n\t\t","protected":false},"excerpt":{"rendered":"<p>El\u00e8ve ton niveau de pilotage Stages \ud83c\uddee\ud83c\uddf9 WOMEN\u2019S MTB CAMP \u2013 MOLVENO, ITALIE&hellip;<\/p>","protected":false},"author":1,"featured_media":0,"parent":0,"menu_order":0,"comment_status":"closed","ping_status":"closed","template":"","meta":{"footnotes":""},"class_list":["post-4790","page","type-page","status-publish","hentry"],"_links":{"self":[{"href":"https:\/\/www.bg-coaching.ch\/en\/wp-json\/wp\/v2\/pages\/4790","targetHints":{"allow":["GET"]}}],"collection":[{"href":"https:\/\/www.bg-coaching.ch\/en\/wp-json\/wp\/v2\/pages"}],"about":[{"href":"https:\/\/www.bg-coaching.ch\/en\/wp-json\/wp\/v2\/types\/page"}],"author":[{"embeddable":true,"href":"https:\/\/www.bg-coaching.ch\/en\/wp-json\/wp\/v2\/users\/1"}],"replies":[{"embeddable":true,"href":"https:\/\/www.bg-coaching.ch\/en\/wp-json\/wp\/v2\/comments?post=4790"}],"version-history":[{"count":220,"href":"https:\/\/www.bg-coaching.ch\/en\/wp-json\/wp\/v2\/pages\/4790\/revisions"}],"predecessor-version":[{"id":6870,"href":"https:\/\/www.bg-coaching.ch\/en\/wp-json\/wp\/v2\/pages\/4790\/revisions\/6870"}],"wp:attachment":[{"href":"https:\/\/www.bg-coaching.ch\/en\/wp-json\/wp\/v2\/media?parent=4790"}],"curies":[{"name":"wp","href":"https:\/\/api.w.org\/{rel}","templated":true}]}}